{"id":3494,"date":"2019-07-09T12:41:18","date_gmt":"2019-07-09T10:41:18","guid":{"rendered":"http:\/\/www.studio-benessere.at\/?page_id=3494"},"modified":"2019-07-09T12:41:18","modified_gmt":"2019-07-09T10:41:18","slug":"die-besten-asiatischen-massagetechniken","status":"publish","type":"page","link":"https:\/\/www.studio-benessere.at\/en\/blog\/die-besten-asiatischen-massagetechniken\/","title":{"rendered":"Die besten asiatischen Massagetechniken"},"content":{"rendered":"<div class=\"fusion-fullwidth fullwidth-box fusion-builder-row-1 nonhundred-percent-fullwidth non-hundred-percent-height-scrolling\" style=\"--awb-border-radius-top-left:0px;--awb-border-radius-top-right:0px;--awb-border-radius-bottom-right:0px;--awb-border-radius-bottom-left:0px;--awb-flex-wrap:wrap;\" ><div class=\"fusion-builder-row fusion-row\"><div class=\"fusion-layout-column fusion_builder_column fusion-builder-column-0 fusion_builder_column_1_1 1_1 fusion-one-full fusion-column-first fusion-column-last\" style=\"--awb-bg-size:cover;--awb-margin-bottom:0px;\"><div class=\"fusion-column-wrapper fusion-flex-column-wrapper-legacy\"><div class=\"fusion-text fusion-text-1\"><p>&nbsp;<\/p>\n<p><center><\/center>&nbsp;<\/p>\n<div style=\"max-width: 1000px; font-size: 14px;\">\n<p>&nbsp;<\/p>\n<h1 style=\"font-family: 'PT Sans'; font-size: 40px;\"><strong>Die besten asiatischen Massagetechniken<\/strong><\/h1>\n<p><img decoding=\"async\" class=\"alignnone wp-image-3495 size-1200\" src=\"http:\/\/www.studio-benessere.at\/wp-content\/uploads\/2019\/07\/emiliano-vittoriosi-7Z5tLMcFAQ-unsplash-1200x797.jpg\" alt=\"\" width=\"1200\" height=\"797\" srcset=\"https:\/\/www.studio-benessere.at\/wp-content\/uploads\/2019\/07\/emiliano-vittoriosi-7Z5tLMcFAQ-unsplash-200x133.jpg 200w, https:\/\/www.studio-benessere.at\/wp-content\/uploads\/2019\/07\/emiliano-vittoriosi-7Z5tLMcFAQ-unsplash-300x199.jpg 300w, https:\/\/www.studio-benessere.at\/wp-content\/uploads\/2019\/07\/emiliano-vittoriosi-7Z5tLMcFAQ-unsplash-400x266.jpg 400w, https:\/\/www.studio-benessere.at\/wp-content\/uploads\/2019\/07\/emiliano-vittoriosi-7Z5tLMcFAQ-unsplash-600x399.jpg 600w, https:\/\/www.studio-benessere.at\/wp-content\/uploads\/2019\/07\/emiliano-vittoriosi-7Z5tLMcFAQ-unsplash-768x510.jpg 768w, https:\/\/www.studio-benessere.at\/wp-content\/uploads\/2019\/07\/emiliano-vittoriosi-7Z5tLMcFAQ-unsplash-800x531.jpg 800w, https:\/\/www.studio-benessere.at\/wp-content\/uploads\/2019\/07\/emiliano-vittoriosi-7Z5tLMcFAQ-unsplash-1024x680.jpg 1024w, https:\/\/www.studio-benessere.at\/wp-content\/uploads\/2019\/07\/emiliano-vittoriosi-7Z5tLMcFAQ-unsplash-1200x797.jpg 1200w, https:\/\/www.studio-benessere.at\/wp-content\/uploads\/2019\/07\/emiliano-vittoriosi-7Z5tLMcFAQ-unsplash.jpg 4288w\" sizes=\"(max-width: 1200px) 100vw, 1200px\" \/><\/p>\n<p>Asien ist mit Orientalit\u00e4t und Originalit\u00e4t verbunden. Viele Produkte aus Asien werden erfolgreich in europ\u00e4ische L\u00e4nder eingef\u00fchrt. Die Stra\u00dfen von Wien haben Orte, die von asiatischer Kultur und Tradition inspiriert sind, sowie auch verschiedene Rituale aus diesen Regionen. Frauen lieben es, ihre Sch\u00f6nheit zu pflegen und werden von asiatischen Frauen inspiriert, und m\u00f6chten immer jung und frisch aussehen. In den Wiener Drogerien k\u00f6nnen Sie bereits eine ganze Reihe von Kosmetika, die sich auf diese Art der Pflege Ihres Teints beziehen, erfolgreich kaufen. Sie zeichnen sich durch gute Komposition, einen sch\u00f6nen Duft und eine sch\u00f6ne Struktur aus &#8211; die Philosophie, auf sich selbst zu achten, ist tief verbunden mit Entspannung und einer spezifischen Routine. Diese Regel wird auch auf andere Zonen \u00fcbertragen.<\/p>\n<div style=\"background-color: #333 !important; padding: 20px;\">\n<p style=\"text-align: left;\"><img decoding=\"async\" class=\"alignleft wp-image-3497 size-medium\" src=\"http:\/\/www.studio-benessere.at\/wp-content\/uploads\/2019\/07\/hans-vivek-UiMkBvDQSAA-unsplash-300x199.jpg\" alt=\"\" width=\"300\" height=\"199\" srcset=\"https:\/\/www.studio-benessere.at\/wp-content\/uploads\/2019\/07\/hans-vivek-UiMkBvDQSAA-unsplash-200x133.jpg 200w, https:\/\/www.studio-benessere.at\/wp-content\/uploads\/2019\/07\/hans-vivek-UiMkBvDQSAA-unsplash-300x199.jpg 300w, https:\/\/www.studio-benessere.at\/wp-content\/uploads\/2019\/07\/hans-vivek-UiMkBvDQSAA-unsplash-400x266.jpg 400w, https:\/\/www.studio-benessere.at\/wp-content\/uploads\/2019\/07\/hans-vivek-UiMkBvDQSAA-unsplash-600x399.jpg 600w, https:\/\/www.studio-benessere.at\/wp-content\/uploads\/2019\/07\/hans-vivek-UiMkBvDQSAA-unsplash-768x511.jpg 768w, https:\/\/www.studio-benessere.at\/wp-content\/uploads\/2019\/07\/hans-vivek-UiMkBvDQSAA-unsplash-800x532.jpg 800w, https:\/\/www.studio-benessere.at\/wp-content\/uploads\/2019\/07\/hans-vivek-UiMkBvDQSAA-unsplash-1024x681.jpg 1024w, https:\/\/www.studio-benessere.at\/wp-content\/uploads\/2019\/07\/hans-vivek-UiMkBvDQSAA-unsplash-1200x798.jpg 1200w, https:\/\/www.studio-benessere.at\/wp-content\/uploads\/2019\/07\/hans-vivek-UiMkBvDQSAA-unsplash.jpg 6016w\" sizes=\"(max-width: 300px) 100vw, 300px\" \/><\/p>\n<p>Asiatische Massagen sind auch in der Welt sehr beliebt. Jeder von uns hat wahrscheinlich schon von Thai-Massagen geh\u00f6rt. Diese Art der Massage konzentriert sich auf die wunderbaren Wirkungen, die sie hervorruft, und ist m\u00f6glicherweise nicht unbedingt angenehm. Sie wirkt perfekt gegen verschiedene Wunden, R\u00fcckenschmerzen, Migr\u00e4nen und lindert Stress. Die Thai-Massage stellt auf fantastische Weise das Gleichgewicht des gesamten K\u00f6rpers wieder her. Es ist eine Art sogenannter Tiefenmassage, die aus einer Abfolge verschiedener Techniken besteht, z. B. passives Yoga, Akupressur, Reflexzonenmassage und Dehnung. Die Weltber\u00fchmte Massage, die unter anderem mit F\u00fc\u00dfen durchgef\u00fchrt wird, ist die Thai-Massage.<\/p>\n<p>Die zweite, beliebte Art der asiatischen Massage ist die Klangschalen Massage. Die Klangtherapie ist eine Sensation unter den Bewohnern gro\u00dfer St\u00e4dte, einschlie\u00dflich Wiens. Es ist eine sehr angenehme Erfahrung, ganz anders als die Ger\u00e4usche der Stadt, laut und manchmal chaotisch. Die Massage besteht darin, T\u00f6ne mit Schalen zu erzeugen, die entsprechend moduliert werden. Dies ist eine ganz besondere Art der Massage, da Sie den K\u00f6rper \u00fcberhaupt nicht ber\u00fchrt. Ger\u00e4usche durchdringen K\u00f6rper und Geist, entspannen den gesamten Organismus und bringen die Gedanken zum Schweigen. Sie helfen, emotionale Zust\u00e4nde zu lindern und Stress abzubauen. Sie l\u00f6sen wirkungsvoll Muskelverspannungen.<\/p>\n<\/div>\n<p>&nbsp;<\/p>\n<div style=\"background-color: #333 !important; padding: 20px;\">\n<p style=\"text-align: left;\"><img decoding=\"async\" class=\"wp-image-3499 size-medium alignleft\" src=\"http:\/\/www.studio-benessere.at\/wp-content\/uploads\/2019\/07\/sara-johnston-wSO8ECvI-dA-unsplash-1-300x200.jpg\" alt=\"\" width=\"300\" height=\"200\" srcset=\"https:\/\/www.studio-benessere.at\/wp-content\/uploads\/2019\/07\/sara-johnston-wSO8ECvI-dA-unsplash-1-200x133.jpg 200w, https:\/\/www.studio-benessere.at\/wp-content\/uploads\/2019\/07\/sara-johnston-wSO8ECvI-dA-unsplash-1-300x200.jpg 300w, https:\/\/www.studio-benessere.at\/wp-content\/uploads\/2019\/07\/sara-johnston-wSO8ECvI-dA-unsplash-1-400x267.jpg 400w, https:\/\/www.studio-benessere.at\/wp-content\/uploads\/2019\/07\/sara-johnston-wSO8ECvI-dA-unsplash-1-600x400.jpg 600w, https:\/\/www.studio-benessere.at\/wp-content\/uploads\/2019\/07\/sara-johnston-wSO8ECvI-dA-unsplash-1-768x512.jpg 768w, https:\/\/www.studio-benessere.at\/wp-content\/uploads\/2019\/07\/sara-johnston-wSO8ECvI-dA-unsplash-1-800x533.jpg 800w, https:\/\/www.studio-benessere.at\/wp-content\/uploads\/2019\/07\/sara-johnston-wSO8ECvI-dA-unsplash-1-1024x683.jpg 1024w, https:\/\/www.studio-benessere.at\/wp-content\/uploads\/2019\/07\/sara-johnston-wSO8ECvI-dA-unsplash-1-1200x800.jpg 1200w, https:\/\/www.studio-benessere.at\/wp-content\/uploads\/2019\/07\/sara-johnston-wSO8ECvI-dA-unsplash-1.jpg 4272w\" sizes=\"(max-width: 300px) 100vw, 300px\" \/><\/p>\n<p>Die dritte Massage, die weltweit Beliebt ist, ist die erotische Massage. Dies ist keine Massage, deren Wurzeln aus Asien stammen, aber die asiatische Kultur ist eng damit verbunden. Die Vorteile der erotischen Massage sind erheblich. Die Massage selbst ist nicht nur ein einzigartiges Erlebnis, sondern hilft auch, den K\u00f6rper zu entspannen und den Geist zu reinigen. Sie erm\u00f6glicht, sich zu beruhigen und gleichzeitig die Sinne zu sch\u00e4rfen und zu stimulieren. Sie lindert stark alle Schmerzen. Dar\u00fcber hinaus wirkt sie sich erheblich auf die Beziehung aus &#8211; wenn diese von unserem Partner durchgef\u00fchrt wird, werden die Bindungen und das Selbstvertrauen gest\u00e4rkt. Eine zus\u00e4tzliche Note des Orients kann mit einzigartigen asiatischen Massage\u00f6len hinzugef\u00fcgt werden. Dies wird unsere Sitzung perfekt abwechseln und auch die Fantasie anregen und die Sitzung mit Aromatherapie attraktiver machen. Asiatische Stoffe und Accessoires im Schlafzimme und verschiedener Schnickschnack werden auch gro\u00dfartig sein. Drehen Sie die Stimmung auf, Sie k\u00f6nnen auch entspannende, orientalische Musik spielen.<\/p>\n<p style=\"text-align: left;\">Wien ist voll von verschiedenen Massagestudios, die sich auf verschiedene Massagearten spezialisieren. Wenn Sie Lust auf erotische Massagen haben, kommen Sie zu Benessere. Wir werden den Besuch bei uns zu einem unvergesslichen Erlebnis machen.<\/p>\n<\/div>\n<p>#blogde<\/p>\n<\/div>\n<\/div><div class=\"fusion-clearfix\"><\/div><\/div><\/div><\/div><\/div>\n","protected":false},"excerpt":{"rendered":"","protected":false},"author":2,"featured_media":0,"parent":2701,"menu_order":0,"comment_status":"closed","ping_status":"closed","template":"100-width.php","meta":{"footnotes":""},"class_list":["post-3494","page","type-page","status-publish","hentry"],"yoast_head":"<!-- This site is optimized with the Yoast SEO plugin v23.6 - https:\/\/yoast.com\/wordpress\/plugins\/seo\/ -->\n<title>Die besten asiatischen Massagetechniken - Erotische SEXY Massagen Studio in Wien VIENNA - Erotic Erotik Call Girls Escort Hostessen - Asia Tantra Thai<\/title>\n<meta name=\"robots\" content=\"index, follow, max-snippet:-1, max-image-preview:large, max-video-preview:-1\" \/>\n<link rel=\"canonical\" href=\"https:\/\/www.studio-benessere.at\/en\/blog\/die-besten-asiatischen-massagetechniken\/\" \/>\n<meta property=\"og:locale\" content=\"en_US\" \/>\n<meta property=\"og:type\" content=\"article\" \/>\n<meta property=\"og:title\" content=\"Die besten asiatischen Massagetechniken - Erotische SEXY Massagen Studio in Wien VIENNA - Erotic Erotik Call Girls Escort Hostessen - Asia Tantra Thai\" \/>\n<meta property=\"og:url\" content=\"https:\/\/www.studio-benessere.at\/en\/blog\/die-besten-asiatischen-massagetechniken\/\" \/>\n<meta property=\"og:site_name\" content=\"Erotische SEXY Massagen Studio in Wien VIENNA - Erotic Erotik Call Girls Escort Hostessen - Asia Tantra Thai\" \/>\n<meta property=\"og:image\" content=\"http:\/\/www.studio-benessere.at\/wp-content\/uploads\/2019\/07\/emiliano-vittoriosi-7Z5tLMcFAQ-unsplash-1200x797.jpg\" \/>\n<meta name=\"twitter:card\" content=\"summary_large_image\" \/>\n<meta name=\"twitter:label1\" content=\"Est. reading time\" \/>\n\t<meta name=\"twitter:data1\" content=\"4 minutes\" \/>\n<script type=\"application\/ld+json\" class=\"yoast-schema-graph\">{\"@context\":\"https:\/\/schema.org\",\"@graph\":[{\"@type\":\"ImageObject\",\"inLanguage\":\"en-US\",\"@id\":\"https:\/\/www.studio-benessere.at\/en\/blog\/die-besten-asiatischen-massagetechniken\/#primaryimage\",\"url\":\"http:\/\/www.studio-benessere.at\/wp-content\/uploads\/2019\/07\/emiliano-vittoriosi-7Z5tLMcFAQ-unsplash-1200x797.jpg\",\"contentUrl\":\"http:\/\/www.studio-benessere.at\/wp-content\/uploads\/2019\/07\/emiliano-vittoriosi-7Z5tLMcFAQ-unsplash-1200x797.jpg\"},{\"@type\":\"BreadcrumbList\",\"@id\":\"https:\/\/www.studio-benessere.at\/en\/blog\/die-besten-asiatischen-massagetechniken\/#breadcrumb\",\"itemListElement\":[{\"@type\":\"ListItem\",\"position\":1,\"name\":\"Startseite\",\"item\":\"https:\/\/www.studio-benessere.at\/en\/\"},{\"@type\":\"ListItem\",\"position\":2,\"name\":\"Blog\",\"item\":\"https:\/\/www.studio-benessere.at\/en\/blog\/\"},{\"@type\":\"ListItem\",\"position\":3,\"name\":\"Die besten asiatischen Massagetechniken\"}]},{\"@type\":\"WebSite\",\"@id\":\"https:\/\/www.studio-benessere.at\/en\/#website\",\"url\":\"https:\/\/www.studio-benessere.at\/en\/\",\"name\":\"Erotische SEXY Massagen Studio in Wien VIENNA - Erotic Erotik Call Girls Escort Hostessen - Asia Tantra Thai\",\"description\":\"Erotische SEXY Massagen Studio in Wien VIENNA - Erotic Erotik Call Girls Escort Hostessen - Asia Tantra Thai\",\"potentialAction\":[{\"@type\":\"SearchAction\",\"target\":{\"@type\":\"EntryPoint\",\"urlTemplate\":\"https:\/\/www.studio-benessere.at\/en\/?s={search_term_string}\"},\"query-input\":{\"@type\":\"PropertyValueSpecification\",\"valueRequired\":true,\"valueName\":\"search_term_string\"}}],\"inLanguage\":\"en-US\"}]}<\/script>\n<!-- \/ Yoast SEO plugin. -->","yoast_head_json":{"title":"Die besten asiatischen Massagetechniken - Erotische SEXY Massagen Studio in Wien VIENNA - Erotic Erotik Call Girls Escort Hostessen - Asia Tantra Thai","robots":{"index":"index","follow":"follow","max-snippet":"max-snippet:-1","max-image-preview":"max-image-preview:large","max-video-preview":"max-video-preview:-1"},"canonical":"https:\/\/www.studio-benessere.at\/en\/blog\/die-besten-asiatischen-massagetechniken\/","og_locale":"en_US","og_type":"article","og_title":"Die besten asiatischen Massagetechniken - Erotische SEXY Massagen Studio in Wien VIENNA - Erotic Erotik Call Girls Escort Hostessen - Asia Tantra Thai","og_url":"https:\/\/www.studio-benessere.at\/en\/blog\/die-besten-asiatischen-massagetechniken\/","og_site_name":"Erotische SEXY Massagen Studio in Wien VIENNA - Erotic Erotik Call Girls Escort Hostessen - Asia Tantra Thai","og_image":[{"url":"http:\/\/www.studio-benessere.at\/wp-content\/uploads\/2019\/07\/emiliano-vittoriosi-7Z5tLMcFAQ-unsplash-1200x797.jpg"}],"twitter_card":"summary_large_image","twitter_misc":{"Est. reading time":"4 minutes"},"schema":{"@context":"https:\/\/schema.org","@graph":[{"@type":"ImageObject","inLanguage":"en-US","@id":"https:\/\/www.studio-benessere.at\/en\/blog\/die-besten-asiatischen-massagetechniken\/#primaryimage","url":"http:\/\/www.studio-benessere.at\/wp-content\/uploads\/2019\/07\/emiliano-vittoriosi-7Z5tLMcFAQ-unsplash-1200x797.jpg","contentUrl":"http:\/\/www.studio-benessere.at\/wp-content\/uploads\/2019\/07\/emiliano-vittoriosi-7Z5tLMcFAQ-unsplash-1200x797.jpg"},{"@type":"BreadcrumbList","@id":"https:\/\/www.studio-benessere.at\/en\/blog\/die-besten-asiatischen-massagetechniken\/#breadcrumb","itemListElement":[{"@type":"ListItem","position":1,"name":"Startseite","item":"https:\/\/www.studio-benessere.at\/en\/"},{"@type":"ListItem","position":2,"name":"Blog","item":"https:\/\/www.studio-benessere.at\/en\/blog\/"},{"@type":"ListItem","position":3,"name":"Die besten asiatischen Massagetechniken"}]},{"@type":"WebSite","@id":"https:\/\/www.studio-benessere.at\/en\/#website","url":"https:\/\/www.studio-benessere.at\/en\/","name":"Erotische SEXY Massagen Studio in Wien VIENNA - Erotic Erotik Call Girls Escort Hostessen - Asia Tantra Thai","description":"Erotische SEXY Massagen Studio in Wien VIENNA - Erotic Erotik Call Girls Escort Hostessen - Asia Tantra Thai","potentialAction":[{"@type":"SearchAction","target":{"@type":"EntryPoint","urlTemplate":"https:\/\/www.studio-benessere.at\/en\/?s={search_term_string}"},"query-input":{"@type":"PropertyValueSpecification","valueRequired":true,"valueName":"search_term_string"}}],"inLanguage":"en-US"}]}},"_links":{"self":[{"href":"https:\/\/www.studio-benessere.at\/en\/wp-json\/wp\/v2\/pages\/3494"}],"collection":[{"href":"https:\/\/www.studio-benessere.at\/en\/wp-json\/wp\/v2\/pages"}],"about":[{"href":"https:\/\/www.studio-benessere.at\/en\/wp-json\/wp\/v2\/types\/page"}],"author":[{"embeddable":true,"href":"https:\/\/www.studio-benessere.at\/en\/wp-json\/wp\/v2\/users\/2"}],"replies":[{"embeddable":true,"href":"https:\/\/www.studio-benessere.at\/en\/wp-json\/wp\/v2\/comments?post=3494"}],"version-history":[{"count":1,"href":"https:\/\/www.studio-benessere.at\/en\/wp-json\/wp\/v2\/pages\/3494\/revisions"}],"predecessor-version":[{"id":3501,"href":"https:\/\/www.studio-benessere.at\/en\/wp-json\/wp\/v2\/pages\/3494\/revisions\/3501"}],"up":[{"embeddable":true,"href":"https:\/\/www.studio-benessere.at\/en\/wp-json\/wp\/v2\/pages\/2701"}],"wp:attachment":[{"href":"https:\/\/www.studio-benessere.at\/en\/wp-json\/wp\/v2\/media?parent=3494"}],"curies":[{"name":"wp","href":"https:\/\/api.w.org\/{rel}","templated":true}]}}